{"id":12222,"date":"2024-08-05T03:29:26","date_gmt":"2024-08-05T03:29:26","guid":{"rendered":"https:\/\/planomasjid.org\/taqwa-seminary\/?page_id=12222"},"modified":"2024-08-10T01:17:32","modified_gmt":"2024-08-10T01:17:32","slug":"shaykh-omair-rasul","status":"publish","type":"page","link":"https:\/\/planomasjid.org\/taqwa-seminary\/shaykh-omair-rasul\/","title":{"rendered":"Suhba Instructor"},"content":{"rendered":"\t\t<div data-elementor-type=\"wp-page\" data-elementor-id=\"12222\" class=\"elementor elementor-12222\">\n\t\t\t\t\t\t<div class=\"elementor-inner\">\n\t\t\t\t<div class=\"elementor-section-wrap\">\n\t\t\t\t\t\t\t\t\t<section class=\"elementor-section elementor-top-section elementor-element elementor-element-ea7548e faculty-inner elementor-section-boxed elementor-section-height-default elementor-section-height-default\" data-id=\"ea7548e\" data-element_type=\"section\" data-settings=\"{&quot;background_background&quot;:&quot;classic&quot;}\">\n\t\t\t\t\t\t<div class=\"elementor-container elementor-column-gap-default\">\n\t\t\t\t\t\t\t<div class=\"elementor-row\">\n\t\t\t\t\t<div class=\"elementor-column elementor-col-50 elementor-top-column elementor-element elementor-element-55f3592\" data-id=\"55f3592\" data-element_type=\"column\">\n\t\t\t<div class=\"elementor-column-wrap elementor-element-populated\">\n\t\t\t\t\t\t\t<div class=\"elementor-widget-wrap\">\n\t\t\t\t\t\t<div class=\"elementor-element elementor-element-d0eefed elementor-widget elementor-widget-image\" data-id=\"d0eefed\" data-element_type=\"widget\" data-widget_type=\"image.default\">\n\t\t\t\t<div class=\"elementor-widget-container\">\n\t\t\t\t\t\t\t\t<div class=\"elementor-image\">\n\t\t\t\t\t\t\t\t\t\t\t\t<img decoding=\"async\" width=\"264\" height=\"264\" src=\"https:\/\/planomasjid.org\/taqwa-seminary\/wp-content\/uploads\/2024\/08\/shaykh_umair_rasul_profile264x264.png\" class=\"attachment-full size-full wp-image-12478\" alt=\"\" loading=\"lazy\" srcset=\"https:\/\/planomasjid.org\/taqwa-seminary\/wp-content\/uploads\/2024\/08\/shaykh_umair_rasul_profile264x264.png 264w, https:\/\/planomasjid.org\/taqwa-seminary\/wp-content\/uploads\/2024\/08\/shaykh_umair_rasul_profile264x264-150x150.png 150w\" sizes=\"(max-width: 264px) 100vw, 264px\" \/>\t\t\t\t\t\t\t\t\t\t\t\t\t\t<\/div>\n\t\t\t\t\t\t<\/div>\n\t\t\t\t<\/div>\n\t\t\t\t\t\t<\/div>\n\t\t\t\t\t<\/div>\n\t\t<\/div>\n\t\t\t\t<div class=\"elementor-column elementor-col-50 elementor-top-column elementor-element elementor-element-0f08291\" data-id=\"0f08291\" data-element_type=\"column\">\n\t\t\t<div class=\"elementor-column-wrap elementor-element-populated\">\n\t\t\t\t\t\t\t<div class=\"elementor-widget-wrap\">\n\t\t\t\t\t\t<div class=\"elementor-element elementor-element-4a2ba27 elementor-widget elementor-widget-heading\" data-id=\"4a2ba27\" data-element_type=\"widget\" data-widget_type=\"heading.default\">\n\t\t\t\t<div class=\"elementor-widget-container\">\n\t\t\t<h2 class=\"elementor-heading-title elementor-size-default\">Shaykh Omair Rasul<\/h2>\t\t<\/div>\n\t\t\t\t<\/div>\n\t\t\t\t<div class=\"elementor-element elementor-element-b76708c elementor-widget elementor-widget-text-editor\" data-id=\"b76708c\" data-element_type=\"widget\" data-widget_type=\"text-editor.default\">\n\t\t\t\t<div class=\"elementor-widget-container\">\n\t\t\t\t\t\t\t\t<div class=\"elementor-text-editor elementor-clearfix\">\n\t\t\t\tShaykh Omair Rasul was born in Sacramento, California. He attended high school and college in St. Louis, Missouri, where he obtained a diploma and an associate&#8217;s degree. Following that, he enrolled in Darusalam Foundation in Chicago, completing a one-year intensive Islamic studies program and receiving an ijaz\u0101 in Tajw\u012bd. He later transferred to the U.S branch of AL-Hussnain seminary, where he spent 5 years studying and obtaining ijaz\u0101t (certifications) in Arabic, Fiqh, Tafs\u012br, and Aq\u012bda. Seeking further knowledge, he traveled to Faisalabad, Pakistan, to complete his Islamic Studies course at the headquarters of AL-Hussnain Seminary. During his time there, under the mentorship and supervision of world-renowned scholar Sheikh Tariq Jameel and other senior scholars, he received ijaz\u0101t in the hadith sciences.\t\t\t\t\t<\/div>\n\t\t\t\t\t\t<\/div>\n\t\t\t\t<\/div>\n\t\t\t\t\t\t<\/div>\n\t\t\t\t\t<\/div>\n\t\t<\/div>\n\t\t\t\t\t\t\t\t<\/div>\n\t\t\t\t\t<\/div>\n\t\t<\/section>\n\t\t\t\t\t\t\t\t\t<\/div>\n\t\t\t<\/div>\n\t\t\t\t\t<\/div>\n\t\t","protected":false},"excerpt":{"rendered":"<p>Shaykh Omair Rasul Shaykh Omair Rasul was born in Sacramento, California. He attended high school and college in St. Louis, Missouri, where he obtained a diploma and an associate&#8217;s degree. Following that, he enrolled in Darusalam Foundation in Chicago, completing a one-year intensive Islamic studies program and receiving an ijaz\u0101 in Tajw\u012bd. He later transferred [&hellip;]<\/p>\n","protected":false},"author":2,"featured_media":0,"parent":0,"menu_order":0,"comment_status":"closed","ping_status":"closed","template":"","meta":[],"_links":{"self":[{"href":"https:\/\/planomasjid.org\/taqwa-seminary\/wp-json\/wp\/v2\/pages\/12222"}],"collection":[{"href":"https:\/\/planomasjid.org\/taqwa-seminary\/wp-json\/wp\/v2\/pages"}],"about":[{"href":"https:\/\/planomasjid.org\/taqwa-seminary\/wp-json\/wp\/v2\/types\/page"}],"author":[{"embeddable":true,"href":"https:\/\/planomasjid.org\/taqwa-seminary\/wp-json\/wp\/v2\/users\/2"}],"replies":[{"embeddable":true,"href":"https:\/\/planomasjid.org\/taqwa-seminary\/wp-json\/wp\/v2\/comments?post=12222"}],"version-history":[{"count":11,"href":"https:\/\/planomasjid.org\/taqwa-seminary\/wp-json\/wp\/v2\/pages\/12222\/revisions"}],"predecessor-version":[{"id":12490,"href":"https:\/\/planomasjid.org\/taqwa-seminary\/wp-json\/wp\/v2\/pages\/12222\/revisions\/12490"}],"wp:attachment":[{"href":"https:\/\/planomasjid.org\/taqwa-seminary\/wp-json\/wp\/v2\/media?parent=12222"}],"curies":[{"name":"wp","href":"https:\/\/api.w.org\/{rel}","templated":true}]}}